{"id":252,"date":"2025-12-08T19:28:36","date_gmt":"2025-12-08T17:28:36","guid":{"rendered":"https:\/\/grovegz.com\/?page_id=252"},"modified":"2026-01-09T13:16:03","modified_gmt":"2026-01-09T11:16:03","slug":"teenusetingimused","status":"publish","type":"page","link":"https:\/\/grovegz.com\/en\/teenusetingimused\/","title":{"rendered":"Terms of Service"},"content":{"rendered":"<div class=\"wp-block-group alignfull has-background-background-color has-background\" style=\"margin-top:0;margin-bottom:0;padding-top:var(--wp--preset--spacing--60);padding-right:var(--wp--preset--spacing--30);padding-bottom:var(--wp--preset--spacing--60);padding-left:var(--wp--preset--spacing--30)\"><div class=\"wp-block-group__inner-container is-layout-constrained wp-container-core-group-is-layout-392eb801 wp-block-group-is-layout-constrained\">\n<div class=\"wp-block-group\"><div class=\"wp-block-group__inner-container is-layout-constrained wp-block-group-is-layout-constrained\">\n<h2 class=\"wp-block-heading\"><br><strong>Terms of Service<\/strong><\/h2>\n<\/div><\/div>\n<\/div><\/div>\n\n\n\n<h3 class=\"wp-block-heading\">1. General information<\/h3>\n\n\n\n<p><strong>1.1.<\/strong><br>Online store&nbsp;<strong><a href=\"https:\/\/grovegz.com\/et\/\">http:\/\/www.grovegz.com<\/a><\/strong>&nbsp;(hereinafter the Online Store) is owned by&nbsp;<strong>Housing O\u00dc<\/strong>&nbsp;(registration code 11712597), located at&nbsp;<strong>Aavoja tee 7, Vikipalu, Harju county, Estonia<\/strong>.<\/p>\n\n\n\n<hr class=\"wp-block-separator has-alpha-channel-opacity\"\/>\n\n\n\n<h3 class=\"wp-block-heading\">2. Validity of the sales contract, product and price information<\/h3>\n\n\n\n<p><strong>2.1.<\/strong><br>These terms and conditions of sale apply to the purchase of goods from the Online Store.<\/p>\n\n\n\n<p><strong>2.2.<\/strong><br>The prices of products sold in the Online Store are indicated next to the products. Delivery and custom duty fees may be added to the price.<\/p>\n\n\n\n<p><strong>2.3.<\/strong><br>All prices of goods sold in the Online Store are in euros.<\/p>\n\n\n\n<p><strong>2.4.<\/strong><br>The delivery cost depends on the buyer\u2019s location and the selected delivery method. The delivery fee is displayed to the buyer when placing the order.<\/p>\n\n\n\n<p><strong>2.5.<\/strong><br>Information about the product is provided in the Online Store directly next to the\nproduct.<\/p>\n\n\n\n<hr class=\"wp-block-separator has-alpha-channel-opacity\"\/>\n\n\n\n<h3 class=\"wp-block-heading\">3. Forming the order<\/h3>\n\n\n\n<p><strong>3.1.<\/strong><br>To order the goods, you must add the desired products to the shopping cart.<\/p>\n\n\n\n<p><strong>3.2.<\/strong><br>To complete the order, you must fill in the required data fields and choose the\nappropriate method of product delivery.<\/p>\n\n\n\n<p><strong>3.3.<\/strong><br>The amount of the fee is then\ndisplayed on the screen, which can be paid securely through the following\npayment methods:<\/p>\n\n\n\n<ul class=\"wp-block-list\">\n<li>Estonian bank payments<\/li>\n\n\n\n<li>Estonian pay later solutions<\/li>\n<\/ul>\n\n\n\n<p><strong>3.4.<\/strong><br>When paying with a bank link, be sure to press the&nbsp;<strong>\"<\/strong><strong>Back to the merchant\"<\/strong>&nbsp;button.<\/p>\n\n\n\n<hr class=\"wp-block-separator has-alpha-channel-opacity\"\/>\n\n\n\n<h3 class=\"wp-block-heading\">4. Payment methods<\/h3>\n\n\n\n<p><strong>4.1.<\/strong><br>Payments are mediated by\u00a0<strong>ESTO AS<\/strong>.<\/p>\n\n\n\n<p><strong>4.2.<\/strong><br>Payment is made outside the\nWebshop in a secure environment - when paying with a bank link, in the\nsecure environment of the respective bank, and in the secure environment of\nESTO AS when paying with a card.<\/p>\n\n\n\n<p><strong>4.3.<\/strong><br>The seller does not have\naccess to the customer's bank and credit card data.<\/p>\n\n\n\n<p><strong>4.4.<\/strong><br>The contract enters into\nforce from the receipt of the amount to be paid to the online store's current\naccount.<\/p>\n\n\n\n<p><strong>4.5.<\/strong><br>The owner of the online store is the responsible processor of personal data\nand forwards the personal data necessary for making payments to the\nauthorized processor ESTO AS.<\/p>\n\n\n\n<hr class=\"wp-block-separator has-alpha-channel-opacity\"\/>\n\n\n\n<h3 class=\"wp-block-heading\">5. Product availability<\/h3>\n\n\n\n<p><strong>5.1.<\/strong><br>If the ordered goods cannot be delivered due to the end of the goods or for\nsome other reason, the buyer will be informed of this as soon as possible.<\/p>\n\n\n\n<p><strong>5.2.<\/strong><br>Money paid (including the costs of delivering the goods) will be returned\nwithout delay,&nbsp;<strong>but no later than within 14 days<\/strong>&nbsp;of sending the notice.<\/p>\n\n\n\n<hr class=\"wp-block-separator has-alpha-channel-opacity\"\/>\n\n\n\n<h3 class=\"wp-block-heading\">6. Delivery<\/h3>\n\n\n\n<p><strong>6.1.<\/strong><br>Goods are sent to the following countries:<\/p>\n\n\n\n<ul class=\"wp-block-list\">\n<li>Estonia<\/li>\n\n\n\n<li>European Union<\/li>\n<\/ul>\n\n\n\n<p><strong>6.2.<\/strong><br>To receive the goods, the buyer has the following options:<\/p>\n\n\n\n<ul class=\"wp-block-list\">\n<li>Itella courier service<\/li>\n\n\n\n<li>Omniva courier service<\/li>\n\n\n\n<li>DPD courier service<\/li>\n\n\n\n<li>Venipak courier service<\/li>\n<\/ul>\n\n\n\n<p><strong>6.3.<\/strong><br>Shipping costs are borne by the buyer, and the corresponding price information is displayed next to the selected delivery method.<\/p>\n\n\n\n<p><strong>6.4.<\/strong><br>Shipments within Estonia generally arrive at the destination specified by the\nbuyer within&nbsp;<strong>7 working days<\/strong>&nbsp;from the entry into force of the sales contract.<\/p>\n\n\n\n<p><strong>6.5.<\/strong><br>Delivery outside Estonia takes place within&nbsp;<strong>30 calendar days<\/strong>.<\/p>\n\n\n\n<p><strong>6.6.<\/strong><br>In exceptional cases, you have the right to deliver the goods within&nbsp;<strong>45\ncalendar days<\/strong>.<\/p>\n\n\n\n<hr class=\"wp-block-separator has-alpha-channel-opacity\"\/>\n\n\n\n<h3 class=\"wp-block-heading\">7. Right of withdrawal<\/h3>\n\n\n\n<p><strong>7.1.<\/strong><br>After receiving the order, the buyer has the right to withdraw from the\ncontract concluded in the e-shop within&nbsp;<strong>14 days<\/strong>.<\/p>\n\n\n\n<p><strong>7.2.<\/strong><br>The right of withdrawal does not apply if the buyer is a legal entity.<\/p>\n\n\n\n<p><strong>7.3.<\/strong><br>In order to use the 14-day right of return, the ordered goods must not be used\nin any other way than is necessary to make sure of the nature, characteristics\nand functioning of the goods in a way that is allowed for testing the goods in a\nphysical store.<\/p>\n\n\n\n<p><strong>7.4.<\/strong><br>If the goods have been used for purposes other than what is necessary to\nverify the nature, characteristics and functioning of the goods, or if they show\nsigns of use or wear, the Online Store has the right to reduce the refundable\nfee according to the decrease in the value of the goods.<\/p>\n\n\n\n<p><strong>7.5.<\/strong><br>In order to return the goods, you must submit a free form withdrawal from\nthe purchase of the goods to the e-mail address&nbsp;<strong>info@grovegz.com<\/strong>&nbsp;within&nbsp;<strong>14 days<\/strong>&nbsp;of receiving the goods at the latest.<\/p>\n\n\n\n<hr class=\"wp-block-separator has-alpha-channel-opacity\"\/>\n\n\n\n<h3 class=\"wp-block-heading\">8. Product returns and refunds<\/h3>\n\n\n\n<p><strong>8.1.<\/strong><br>The cost of returning the goods is borne by the buyer, unless the reason for\nthe return lies in the fact that the product to be returned does not correspond\nto the one ordered (e.g. a wrong or defective product).<\/p>\n\n\n\n<p class=\"translation-block\"><strong>8.2.<\/strong><br>The buyer must return the goods within\u00a0<strong>14 days<\/strong>\u00a0of submitting the withdrawal request or provide proof that the goods were handed over to the carrier within the specified period.<\/p>\n\n\n\n<p class=\"translation-block\"><strong>8.3.<\/strong><br>The Online Store will refund the buyer all amounts paid under the contract without delay, but no later than <strong>14 days<\/strong> after receiving the withdrawal request.<\/p>\n\n\n\n<p><strong>8.4.<\/strong><br>The Online Store may refuse to issue refunds until it has received the item\nthat is the subject of the contract or until the buyer has provided evidence\nthat it has returned the item, whichever occurs first.<\/p>\n\n\n\n<p><strong>8.5.<\/strong><br>If the buyer has explicitly chosen a delivery method other than the cheapest\nusual delivery method offered by the Online Store, the Online Store does not\nhave to refund the cost to the consumer that exceeds the cost associated with\nthe usual delivery method.<\/p>\n\n\n\n<p><strong>8.6.<\/strong><br>The online store has the right to withdraw from the sales transaction and\ndemand the return of the goods from the buyer, if the price of the goods in the\nonline store is marked significantly below the market price of the goods due\nto an error.<\/p>\n\n\n\n<hr class=\"wp-block-separator has-alpha-channel-opacity\"\/>\n\n\n\n<h3 class=\"wp-block-heading\">9. The right to file a claim<\/h3>\n\n\n\n<p class=\"translation-block\"><strong>9.1.<\/strong><br>The Online Store is responsible for any non-conformity or defect of the sold goods that existed at the time of delivery and becomes apparent within <strong>two years<\/strong>.<\/p>\n\n\n\n<p class=\"translation-block\"><strong>9.2.<\/strong><br>During the<strong> first year<\/strong>, it is assumed that the defect existed at the time of delivery, unless the Online Store proves otherwise.<\/p>\n\n\n\n<p class=\"translation-block\"><strong>9.3.<\/strong><br>In case a defect appears, the buyer must contact the Online Store within two months by sending an email to info@grovegz.com\n or by calling +372 53 568 834.<\/p>\n\n\n\n<p><strong>9.4.<\/strong><br>The online store is not responsible for defects that have occurred after the\ngoods have been handed over to the buyer.<\/p>\n\n\n\n<p><strong>9.5.<\/strong><br>If the goods purchased from the Online Store have defects for which the\nOnline Store is responsible, the Online Store will repair or replace the\ndefective goods. If the goods cannot be repaired or replaced, the Webshop will\nreturn the cost of the goods to the buyer<\/p>\n\n\n\n<p class=\"translation-block\"><strong>9.6.<\/strong><br>The online store responds to the consumer's complaint in writing or in a form\nthat enables written reproduction within <strong>14 days<\/strong>.<\/p>\n\n\n\n<hr class=\"wp-block-separator has-alpha-channel-opacity\"\/>\n\n\n\n<h3 class=\"wp-block-heading\">10. Direct marketing and personal data processing<\/h3>\n\n\n\n<p><strong>10.1.<\/strong><br>The online store uses the personal data entered by the buyer only to process\nthe order and send the goods to the buyer.<\/p>\n\n\n\n<p><strong>10.2.<\/strong><br>The online store transmits\npersonal data to companies providing transport services in order to deliver\ngoods.<\/p>\n\n\n\n<p><strong>10.3.<\/strong><br>The online store sends the buyer newsletters and offers to the buyer's e-mail\naddress only if the buyer has expressed his wish to do so by entering an email address on the website and has indicated his wish to receive direct mail\nnotifications.<\/p>\n\n\n\n<p><strong>10.4.<\/strong><br>The buyer can opt out of offers and newsletters sent to e-mail at any time by\nnotifying us by e-mail or by following the instructions in the e-mail\ncontaining the offers.<\/p>\n\n\n\n<hr class=\"wp-block-separator has-alpha-channel-opacity\"\/>\n\n\n\n<h3 class=\"wp-block-heading\">11. Solving arguments<\/h3>\n\n\n\n<p><strong>11.1.<\/strong><br>If the buyer has complaints about the Online Store, they should be sent to&nbsp;<strong>info@grovegz.com<\/strong>&nbsp;or by phone:&nbsp;<strong>+372 58 563 993<\/strong>.<\/p>\n\n\n\n<p><strong>11.2.<\/strong><br>If the buyer and the Online Store cannot resolve the dispute by agreement,\nthe buyer can appeal to the&nbsp;<strong>Consumer Disputes Committee<\/strong>.<\/p>\n\n\n\n<p><strong>11.3.<\/strong><br>The Consumer Disputes Committee resolves disputes arising from the contract between the buyer and the Online Store, and the proceedings are free of charge for both parties.<\/p>\n\n\n\n<p class=\"translation-block\"><strong>11.4.<\/strong><br>In addition, the buyer can contact the<strong> European Union Online Dispute Resolution<\/strong> platform.<\/p>","protected":false},"excerpt":{"rendered":"<p>Teenusetingimused 1. \u00dcldinfo 1.1.Veebipoe&nbsp;http:\/\/www.grovegz.com&nbsp;(edaspidi Veebipood) omanik on&nbsp;Housing O\u00dc&nbsp;(registrikood 11712597), asukohaga&nbsp;Aavoja tee 7, Vikipalu, Harjumaa. 2. M\u00fc\u00fcgilepingu kehtivus, kauba- ja hinnainfo 2.1.K\u00e4esolevad m\u00fc\u00fcgitingimused kehtivad Veebipoest kaupade ostmisel. 2.2.Veebipoes m\u00fc\u00fcdavate toodete hinnad on m\u00e4rgitud toodete juurde. Hinnale v\u00f5ivad lisanduda kauba kohaletoimetamise tasud. 2.3.K\u00f5ik Veebipoes m\u00fc\u00fcdavate kaupade hinnad on eurodes. 2.4.Kauba kohaletoimetamise tasu s\u00f5ltub ostja asukohast ja valitud [&hellip;]<\/p>\n","protected":false},"author":1,"featured_media":0,"parent":0,"menu_order":0,"comment_status":"closed","ping_status":"closed","template":"","meta":{"footnotes":""},"class_list":["post-252","page","type-page","status-publish","hentry"],"aioseo_notices":[],"jetpack_sharing_enabled":true,"_links":{"self":[{"href":"https:\/\/grovegz.com\/en\/wp-json\/wp\/v2\/pages\/252","targetHints":{"allow":["GET"]}}],"collection":[{"href":"https:\/\/grovegz.com\/en\/wp-json\/wp\/v2\/pages"}],"about":[{"href":"https:\/\/grovegz.com\/en\/wp-json\/wp\/v2\/types\/page"}],"author":[{"embeddable":true,"href":"https:\/\/grovegz.com\/en\/wp-json\/wp\/v2\/users\/1"}],"replies":[{"embeddable":true,"href":"https:\/\/grovegz.com\/en\/wp-json\/wp\/v2\/comments?post=252"}],"version-history":[{"count":2,"href":"https:\/\/grovegz.com\/en\/wp-json\/wp\/v2\/pages\/252\/revisions"}],"predecessor-version":[{"id":31396,"href":"https:\/\/grovegz.com\/en\/wp-json\/wp\/v2\/pages\/252\/revisions\/31396"}],"wp:attachment":[{"href":"https:\/\/grovegz.com\/en\/wp-json\/wp\/v2\/media?parent=252"}],"curies":[{"name":"wp","href":"https:\/\/api.w.org\/{rel}","templated":true}]}}