{"id":265,"date":"2025-12-09T09:44:38","date_gmt":"2025-12-09T07:44:38","guid":{"rendered":"https:\/\/grovegz.com\/?page_id=265"},"modified":"2026-01-06T21:06:14","modified_gmt":"2026-01-06T19:06:14","slug":"tarnetingimused","status":"publish","type":"page","link":"https:\/\/grovegz.com\/en\/tarnetingimused\/","title":{"rendered":"Shipping policy"},"content":{"rendered":"<div class=\"wp-block-group\"><div class=\"wp-block-group__inner-container is-layout-constrained wp-block-group-is-layout-constrained\">\n<p><strong><br><strong>Delivery<\/strong><\/strong><\/p>\n\n\n\n<p>Goods are shipped to the following countries: Estonia, members of European Union, Switzerland, Norway, United Kingdom<\/p>\n\n\n\n<p>To receive the goods, the buyer has the following options:<\/p>\n\n\n\n<ul class=\"wp-block-list\">\n<li>Itella courier service<\/li>\n\n\n\n<li>Omniva courier service<\/li>\n\n\n\n<li>DPD courier service<\/li>\n\n\n\n<li>Venipak courier service<\/li>\n<\/ul>\n\n\n\n<p>Shipping costs are borne by the buyer, and the corresponding price information is displayed next to the selected delivery method.<br>The delivery fee depends on the buyer\u2019s location and the chosen delivery method. The delivery fee is displayed to the buyer during checkout.<\/p>\n\n\n\n<p>Domestic shipments within Estonia generally reach the destination specified by the buyer within 7 business days from the entry into force of the sales contract. Delivery outside Estonia takes place within 30 calendar days.<\/p>\n\n\n\n<p>In exceptional cases, the goods may be delivered within up to 45 calendar days.<\/p>\n<\/div><\/div>","protected":false},"excerpt":{"rendered":"<p>Kohaletoimetamine Kaupu saadetakse j\u00e4rgmistesse riikidesse: Eesti, Euroopa liit. Kauba k\u00e4ttesaamiseks on ostjal j\u00e4rgnevad valikud: Kauba saatmiskulud kannab ostja ning vastav hinnainfo on kuvatud saatmisviisi juures.Kauba k\u00e4ttetoimetamise tasu s\u00f5ltub ostja asukohast ning k\u00e4ttetoimetamise viisist. K\u00e4ttetoimetamise tasu kuvatakse ostjale tellimuse vormistamisel. Eestisisesed saadetised j\u00f5uavad \u00fcldjuhul ostja m\u00e4\u00e4ratud sihtpunkti 7 t\u00f6\u00f6p\u00e4eva jooksul alates m\u00fc\u00fcgilepingu j\u00f5ustumisest. V\u00e4ljaspool Eestit toimub [&hellip;]<\/p>\n","protected":false},"author":1,"featured_media":0,"parent":0,"menu_order":0,"comment_status":"closed","ping_status":"closed","template":"","meta":{"footnotes":""},"class_list":["post-265","page","type-page","status-publish","hentry"],"aioseo_notices":[],"jetpack_sharing_enabled":true,"_links":{"self":[{"href":"https:\/\/grovegz.com\/en\/wp-json\/wp\/v2\/pages\/265","targetHints":{"allow":["GET"]}}],"collection":[{"href":"https:\/\/grovegz.com\/en\/wp-json\/wp\/v2\/pages"}],"about":[{"href":"https:\/\/grovegz.com\/en\/wp-json\/wp\/v2\/types\/page"}],"author":[{"embeddable":true,"href":"https:\/\/grovegz.com\/en\/wp-json\/wp\/v2\/users\/1"}],"replies":[{"embeddable":true,"href":"https:\/\/grovegz.com\/en\/wp-json\/wp\/v2\/comments?post=265"}],"version-history":[{"count":1,"href":"https:\/\/grovegz.com\/en\/wp-json\/wp\/v2\/pages\/265\/revisions"}],"predecessor-version":[{"id":31338,"href":"https:\/\/grovegz.com\/en\/wp-json\/wp\/v2\/pages\/265\/revisions\/31338"}],"wp:attachment":[{"href":"https:\/\/grovegz.com\/en\/wp-json\/wp\/v2\/media?parent=265"}],"curies":[{"name":"wp","href":"https:\/\/api.w.org\/{rel}","templated":true}]}}