{"id":31648,"date":"2026-03-09T13:10:14","date_gmt":"2026-03-09T11:10:14","guid":{"rendered":"https:\/\/grovegz.com\/?page_id=31648"},"modified":"2026-03-16T09:32:45","modified_gmt":"2026-03-16T07:32:45","slug":"projektimuuk","status":"publish","type":"page","link":"https:\/\/grovegz.com\/en\/projektimuuk\/","title":{"rendered":"Projektim\u00fc\u00fck"},"content":{"rendered":"<p>Kui on soovi erilahendustele v\u00f5i suurematele kogustele, teostame ka projektim\u00fc\u00fcki koos t\u00e4islahendusega. <\/p>\n\n\n\n<p>Toome k\u00f5ik vajaliku kohale, monteerime, paigaldame geokanga, multsime \u00fcmbruse ning t\u00e4idame kastid mullaga. Aitame luua t\u00e4islahendusi. <\/p>\n\n\n\n<p>Emaili v\u00f5i telefoni teel on v\u00f5imalik k\u00fcsida kataloogi. Epoes on vaid v\u00e4ike osa valikust hetkel.<\/p>\n\n\n\n<p>Anname ka teada, et projektim\u00fc\u00fcgi korral on tarneajad pikemad. V\u00f5ivad ulatuda kuni 2,5 kuuni.<\/p>\n\n\n\n<p>\u00dchendust saab v\u00f5tta info@grovegz.com v\u00f5i +372 53 568 834<\/p>","protected":false},"excerpt":{"rendered":"<p>Kui on soovi erilahendustele v\u00f5i suurematele kogustele, teostame ka projektim\u00fc\u00fcki koos t\u00e4islahendusega. Toome k\u00f5ik vajaliku kohale, monteerime, paigaldame geokanga, multsime \u00fcmbruse ning t\u00e4idame kastid mullaga. Aitame luua t\u00e4islahendusi. Emaili v\u00f5i telefoni teel on v\u00f5imalik k\u00fcsida kataloogi. Epoes on vaid v\u00e4ike osa valikust hetkel. Anname ka teada, et projektim\u00fc\u00fcgi korral on tarneajad pikemad. V\u00f5ivad ulatuda kuni [&hellip;]<\/p>\n","protected":false},"author":1,"featured_media":0,"parent":0,"menu_order":0,"comment_status":"closed","ping_status":"closed","template":"","meta":{"footnotes":""},"class_list":["post-31648","page","type-page","status-publish","hentry"],"aioseo_notices":[],"jetpack_sharing_enabled":true,"_links":{"self":[{"href":"https:\/\/grovegz.com\/en\/wp-json\/wp\/v2\/pages\/31648","targetHints":{"allow":["GET"]}}],"collection":[{"href":"https:\/\/grovegz.com\/en\/wp-json\/wp\/v2\/pages"}],"about":[{"href":"https:\/\/grovegz.com\/en\/wp-json\/wp\/v2\/types\/page"}],"author":[{"embeddable":true,"href":"https:\/\/grovegz.com\/en\/wp-json\/wp\/v2\/users\/1"}],"replies":[{"embeddable":true,"href":"https:\/\/grovegz.com\/en\/wp-json\/wp\/v2\/comments?post=31648"}],"version-history":[{"count":3,"href":"https:\/\/grovegz.com\/en\/wp-json\/wp\/v2\/pages\/31648\/revisions"}],"predecessor-version":[{"id":31694,"href":"https:\/\/grovegz.com\/en\/wp-json\/wp\/v2\/pages\/31648\/revisions\/31694"}],"wp:attachment":[{"href":"https:\/\/grovegz.com\/en\/wp-json\/wp\/v2\/media?parent=31648"}],"curies":[{"name":"wp","href":"https:\/\/api.w.org\/{rel}","templated":true}]}}